{"id":11,"date":"2020-07-02T16:38:39","date_gmt":"2020-07-02T14:38:39","guid":{"rendered":"https:\/\/grafconsult.at\/?page_id=11"},"modified":"2024-02-09T19:51:22","modified_gmt":"2024-02-09T18:51:22","slug":"ueber-uns","status":"publish","type":"page","link":"https:\/\/grafconsult.at\/?page_id=11","title":{"rendered":"\u00dcber uns"},"content":{"rendered":"<figure id=\"attachment_41\" aria-describedby=\"caption-attachment-41\" style=\"width: 219px\" class=\"wp-caption alignleft\"><a href=\"https:\/\/grafconsult.at\/?attachment_id=41\" rel=\"attachment wp-att-41\"><img loading=\"lazy\" decoding=\"async\" class=\"wp-image-41 size-medium\" src=\"https:\/\/grafconsult.at\/wp-content\/uploads\/2018\/08\/IMG_3856-219x300.jpg\" alt=\"Buch: Die Chance der Gegenwart\" width=\"219\" height=\"300\" srcset=\"https:\/\/grafconsult.at\/wp-content\/uploads\/2018\/08\/IMG_3856-219x300.jpg 219w, https:\/\/grafconsult.at\/wp-content\/uploads\/2018\/08\/IMG_3856.jpg 438w\" sizes=\"auto, (max-width: 219px) 100vw, 219px\" \/><\/a><figcaption id=\"caption-attachment-41\" class=\"wp-caption-text\">Buch: Die Chance der Gegenwart von Friedrich Graf<\/figcaption><\/figure>\n<h2><strong>Hier die wichtigsten pers\u00f6nlichen Berufsstationen von Friedrich Graf im Zeitraffer.<\/strong><\/h2>\n<ul>\n<li>geboren 1950 in Wien, verheiratet<\/li>\n<li>16 Jahre Erfahrung im Investitionsg\u00fcter-Bereich im Inland und Ausland in leitenden Funktionen<\/li>\n<li>4 Jahre Erfahrung im Konsumg\u00fcterbereich<\/li>\n<li>seit 1984 selbst\u00e4ndiger Unternehmensberater<\/li>\n<li>Autor des Buches \u201eDie Chance der Gegenwart\u201c und &#8222;Das Geheimnis alt zu werden und jung zu bleiben&#8220;,<\/li>\n<li>Verfasser von Gastkommentaren in diversen Wirtschaftsmedien<\/li>\n<li>Verfasser mehrerer Studien u.\u00a0a. f\u00fcr das Bundesministerium f\u00fcr Land &amp; Forstwirtschaft (BML)<\/li>\n<li>Lektor an der WIFI Wien zum Thema Personalmanagement<\/li>\n<li>Vortragender im Euroforum<\/li>\n<li>Betreiber des Magazins f\u00fcr die besten Jahre im deutschsprachigen Raum <strong>\u201cBesser l\u00e4nger leben\u201d\u00a0<\/strong>seit 2010<\/li>\n<\/ul>\n<p><span style=\"color: #ff0000;\"><a style=\"color: #ff0000;\" href=\"http:\/\/besserlaengerleben.at\">https:\/\/besserlaengerleben.at<\/a><\/span><\/p>\n<p>GrafConsult.at\u00a0hat\u00a0den Beratungsschwerpunkt auf die Bereiche Prozess- und Strukturoptimierung, Change Management, Sanierung, Markt- und Umsatzentwicklung und\u00a0E-Business gelegt.<\/p>\n<p>Wir bringen Erfahrungen aus den Bereichen Industrie, Handel (Food and Non Food), Gewerbe-\/Investitionsg\u00fcter sowie aus dem Beh\u00f6rden-, Finanz- und Versicherungswesen ein.<\/p>\n<p><strong>Nutzen Sie unsere Erfahrung f\u00fcr Ihren Erfolg!<\/strong><\/p>\n<p>Impressum:<\/p>\n<p>Graf Consult, A-3400 Klosterneuburg, Ubald Kostersitz Gasse 14, Tel: 0664 302 41 44<\/p>\n<p>Register Nummer BH Wien Umgebung: 324-WUW1-G-091703<\/p>\n<p>UID Nummer: ATU65283338<\/p>\n<p>Alle Rechte vorbehalten.<\/p>\n<h3><strong><a href=\"https:\/\/www.thalia.de\/shop\/home\/suche\/?sq=9783990602461\"><img loading=\"lazy\" decoding=\"async\" class=\"alignleft size-medium wp-image-73\" src=\"https:\/\/grafconsult.at\/wp-content\/uploads\/2022\/01\/RZ_Flemmer_web-188x300.jpg\" alt=\"\" width=\"188\" height=\"300\" srcset=\"https:\/\/grafconsult.at\/wp-content\/uploads\/2022\/01\/RZ_Flemmer_web-188x300.jpg 188w, https:\/\/grafconsult.at\/wp-content\/uploads\/2022\/01\/RZ_Flemmer_web.jpg 600w\" sizes=\"auto, (max-width: 188px) 100vw, 188px\" \/><\/a><\/strong><\/h3>\n<p><strong>Das Geheimnis, jung zu bleiben und alt zu werden<\/strong><br \/>\nDemenz-Prophylaxe, Kraft &amp; Beweglichkeit, Ern\u00e4hrung &amp; Gef\u00e4\u00dfgesundheit<br \/>\nBeschreibung<br \/>\n240 Seiten Erscheinungsdatum: 30.09.2021<\/p>\n<blockquote class=\"wp-embedded-content\" data-secret=\"ODHWoNAay6\"><p><a href=\"https:\/\/www.goldegg-verlag.com\/events\/friedrich-graf-praesentiert-das-geheimnis-jung-zu-bleiben-und-alt-zu-werden\/\">Friedrich Graf pr\u00e4sentiert: &#8222;Das Geheimnis, jung zu bleiben und alt zu werden&#8220;<\/a><\/p><\/blockquote>\n<p><iframe loading=\"lazy\" class=\"wp-embedded-content\" sandbox=\"allow-scripts\" security=\"restricted\" style=\"position: absolute; visibility: hidden;\" title=\"&#8222;Friedrich Graf pr\u00e4sentiert: &#8222;Das Geheimnis, jung zu bleiben und alt zu werden&#8220;&#8220; &#8211; Goldegg Verlag\" src=\"https:\/\/www.goldegg-verlag.com\/events\/friedrich-graf-praesentiert-das-geheimnis-jung-zu-bleiben-und-alt-zu-werden\/embed\/#?secret=VoGpaIU7Iw#?secret=ODHWoNAay6\" data-secret=\"ODHWoNAay6\" width=\"525\" height=\"296\" frameborder=\"0\" marginwidth=\"0\" marginheight=\"0\" scrolling=\"no\"><\/iframe><\/p>\n<h3><strong>Hundert Jahre alt zu werden ist keine Utopie mehr! <\/strong><\/h3>\n<p>Aber was braucht es, um dabei auch mental und k\u00f6rperlich fit zu bleiben und jugendliche Frische auszustrahlen? Eine un\u00fcbersichtliche F\u00fclle einander widersprechender Ratschl\u00e4ge behaupten diese Frage zu beantworten, doch oft scheitert es an der Umsetzung.<\/p>\n<p><strong>Die gute Nachricht:<\/strong> Gesund und gl\u00fccklich alt zu werden k\u00f6nnen wir ganz einfach f\u00f6rdern. Dazu braucht es keine abgehobenen Theorien, sondern eine einfache Kombination verschiedener Verhaltensweisen.<\/p>\n<p>Die richtigen Lebensmittelinhaltsstoffe, Gef\u00e4\u00dfgesundheit, Krankheitsvorbeugung, Demenz-Prophylaxe, nat\u00fcrliche Heilpflanzen, Kraft und Beweglichkeit, eine positive Lebenseinstellung, Anti-Aging-Ma\u00dfnahmen, gesunder Schlaf und Alltagserleichterungen bilden die zehn Schl\u00fcssel zu einem langen Leben. Das Geheimnis liegt in der richtigen Kombination!<\/p>\n<h1><strong><span style=\"color: #ff0000;\">NEU:<\/span> Was verstehen Sie unter Pensionscoaching?<\/strong><\/h1>\n<p><strong>Dazu 3 Fragen:<\/strong><\/p>\n<p>&#8211; Gehen Sie vorbereitet demn\u00e4chst in Pension, oder sind Sie schon in Pension und wissen nicht genau wie es weiter gehen soll?<\/p>\n<p>&#8211;\u00a0 Was werden Sie tun, wie \u00fcbergeben Sie ihr Unternehmen, welche L\u00f6sung ist ideal? Ihr Leben als Senior.<\/p>\n<p>&#8211; Ist Ihr Pensionsalltag aktiv bestimmt und strukturiert oder planlos?<\/p>\n<p><strong>\u00a0<img loading=\"lazy\" decoding=\"async\" class=\"alignleft wp-image-87\" src=\"https:\/\/grafconsult.at\/wp-content\/uploads\/2023\/06\/1-300x239.png\" alt=\"\" width=\"200\" height=\"159\" \/>Wir alle haben den 3. Lebensabschnitt nicht gelernt und m\u00fcssen umdenken und sich neue orientieren. Ich kann Ihnen als Ihr Pensionscoach dabei helfen, Ihre Zukunft sinnorientierter zu gestalten. Rufen Sie mich an unter 0664 302 41 44. Ihr Friedrich Graf Email:<\/strong> <span style=\"color: #ff0000;\"><a style=\"color: #ff0000;\" href=\"mailto:graf@grafconsult.at\">graf@grafconsult.at<\/a><\/span><\/p>\n","protected":false},"excerpt":{"rendered":"<p>Hier die wichtigsten pers\u00f6nlichen Berufsstationen von Friedrich Graf im Zeitraffer. geboren 1950 in Wien, verheiratet 16 Jahre Erfahrung im Investitionsg\u00fcter-Bereich im Inland und Ausland in leitenden Funktionen 4 Jahre Erfahrung im Konsumg\u00fcterbereich seit 1984 selbst\u00e4ndiger Unternehmensberater Autor des Buches \u201eDie Chance der Gegenwart\u201c und &#8222;Das Geheimnis alt zu werden und jung zu bleiben&#8220;, Verfasser von &hellip; <\/p>\n<p class=\"link-more\"><a href=\"https:\/\/grafconsult.at\/?page_id=11\" class=\"more-link\"><span class=\"screen-reader-text\">\u201e\u00dcber uns\u201c <\/span>weiterlesen<\/a><\/p>\n","protected":false},"author":2,"featured_media":0,"parent":0,"menu_order":0,"comment_status":"closed","ping_status":"closed","template":"","meta":{"footnotes":""},"class_list":["post-11","page","type-page","status-publish","hentry"],"_links":{"self":[{"href":"https:\/\/grafconsult.at\/index.php?rest_route=\/wp\/v2\/pages\/11","targetHints":{"allow":["GET"]}}],"collection":[{"href":"https:\/\/grafconsult.at\/index.php?rest_route=\/wp\/v2\/pages"}],"about":[{"href":"https:\/\/grafconsult.at\/index.php?rest_route=\/wp\/v2\/types\/page"}],"author":[{"embeddable":true,"href":"https:\/\/grafconsult.at\/index.php?rest_route=\/wp\/v2\/users\/2"}],"replies":[{"embeddable":true,"href":"https:\/\/grafconsult.at\/index.php?rest_route=%2Fwp%2Fv2%2Fcomments&post=11"}],"version-history":[{"count":20,"href":"https:\/\/grafconsult.at\/index.php?rest_route=\/wp\/v2\/pages\/11\/revisions"}],"predecessor-version":[{"id":94,"href":"https:\/\/grafconsult.at\/index.php?rest_route=\/wp\/v2\/pages\/11\/revisions\/94"}],"wp:attachment":[{"href":"https:\/\/grafconsult.at\/index.php?rest_route=%2Fwp%2Fv2%2Fmedia&parent=11"}],"curies":[{"name":"wp","href":"https:\/\/api.w.org\/{rel}","templated":true}]}}