{"id":8,"date":"2018-08-02T16:34:32","date_gmt":"2018-08-02T14:34:32","guid":{"rendered":"https:\/\/grafconsult.at\/?page_id=8"},"modified":"2024-02-09T19:36:56","modified_gmt":"2024-02-09T18:36:56","slug":"impressum","status":"publish","type":"page","link":"https:\/\/grafconsult.at\/?page_id=8","title":{"rendered":"Impressum"},"content":{"rendered":"<h2>Offenlegung gem\u00e4\u00df \u00a7 25 Mediengesetz<\/h2>\n<h4><strong>T\u00e4tigkeitsbereich:<\/strong><\/h4>\n<p>Allgemeine Consulting-Dienstleistungen f\u00fcr Unternehmen und Organisationen<\/p>\n<p>Betrieb, Verkauf von Werbeinsertionen und Beratung als Vertreiber des Portals <strong>&#8222;besser l\u00e4nger leben&#8220; &#8211; das Magazin f\u00fcr Junggebliebenen, <a href=\"http:\/\/besserlaengerleben.at\" target=\"_blank\" rel=\"noopener\">https:\/\/besserlaengerleben.at <\/a>und\u00a0<\/strong><strong><a href=\"https:\/\/besserlaengerleben.de\">https:\/\/besserlaengerleben.de (Onlinefusion mit at.Magazin)<\/a><br \/>\n<\/strong><\/p>\n<h4><strong>Richtung des Portals:<\/strong> (Redaktionslinie)<\/h4>\n<p>F\u00f6rderung einer gesunden, langer Lebensdauer durch entsprechende Beitr\u00e4ge und Aktionen, gem\u00e4\u00df dem Titel besser l\u00e4nger leben f\u00fcr Menschen ab 50 Jahre.<\/p>\n<p>UID Nummer: ATU 65283338<\/p>\n<p>Graf Consult Brigitta Graf<\/p>\n<p>Register Nummer BH Wien Umgebung: 324-WUW1-G-091703<\/p>\n<p>Ubald Kostersitz Gasse 14, A-3400 Klosterneuburg<br \/>\nTel: +43-664-302 41 44, E-mail: <a href=\"mailto:kontakt@grafconsult.at\" target=\"_blank\" rel=\"noopener\">kontakt@grafconsult.at<\/a><\/p>\n<h4><strong>Haftungsausschluss<\/strong><\/h4>\n<p><strong>Inhalt des Onlineangebotes<\/strong><\/p>\n<p>Der Autor \u00fcbernimmt keinerlei Gew\u00e4hr f\u00fcr die Aktualit\u00e4t, Korrektheit, Vollst\u00e4ndigkeit oder Qualit\u00e4t der bereitgestellten Informationen. Haftungsanspr\u00fcche gegen den Autor, welche sich auf Sch\u00e4den materieller oder ideeller Art beziehen, die durch die Nutzung oder Nichtnutzung der dargebotenen Informationen bzw. durch die Nutzung fehlerhafter und unvollst\u00e4ndiger Informationen verursacht wurden, sind grunds\u00e4tzlich ausgeschlossen, sofern seitens des Autors kein nachweislich vors\u00e4tzliches oder grob fahrl\u00e4ssiges Verschulden vorliegt. Alle Angebote sind freibleibend und unverbindlich. Der Autor beh\u00e4lt es sich ausdr\u00fccklich vor, Teile der Seiten oder das gesamte Angebot ohne gesonderte Ank\u00fcndigung zu ver\u00e4ndern, zu erg\u00e4nzen, zu l\u00f6schen oder die Ver\u00f6ffentlichung zeitweise oder endg\u00fcltig einzustellen.<\/p>\n<p>Verweise und Links Bei direkten oder indirekten Verweisen auf fremde Webseiten (&#8222;Hyperlinks&#8220;), die au\u00dferhalb des Verantwortungsbereiches des Autors liegen, w\u00fcrde eine Haftungsverpflichtung ausschlie\u00dflich in dem Fall in Kraft treten, in dem der Autor von den Inhalten Kenntnis hat und es ihm technisch m\u00f6glich und zumutbar w\u00e4re, die Nutzung im Falle rechtswidriger Inhalte zu verhindern. Der Autor erkl\u00e4rt hiermit ausdr\u00fccklich, dass zum Zeitpunkt der Linksetzung keine illegalen Inhalte auf den zu verlinkenden Seiten erkennbar waren. Auf die aktuelle und zuk\u00fcnftige Gestaltung, die Inhalte oder die Urheberschaft der gelinkten\/verkn\u00fcpften Seiten hat der Autor keinerlei Einfluss. Deshalb distanziert er sich hiermit ausdr\u00fccklich von allen Inhalten aller gelinkten\/verkn\u00fcpften Seiten, die nach der Linksetzung ver\u00e4ndert wurden. Diese Feststellung gilt f\u00fcr alle innerhalb des eigenen Internetangebotes gesetzten Links und Verweise sowie f\u00fcr Fremdeintr\u00e4ge in vom Autor eingerichteten G\u00e4steb\u00fcchern, Diskussionsforen und Mailinglisten. F\u00fcr illegale, fehlerhafte oder unvollst\u00e4ndige Inhalte und insbesondere f\u00fcr Sch\u00e4den, die aus der Nutzung oder Nichtnutzung solcherart dargebotener Informationen entstehen, haftet allein der Anbieter der Seite, auf welche verwiesen wurde, nicht derjenige, der \u00fcber Links auf die jeweilige Ver\u00f6ffentlichung lediglich verweist<\/p>\n<p><strong>Urheber- und Kennzeichenrecht <\/strong><\/p>\n<p>Der Autor ist bestrebt, in allen Publikationen die Urheberrechte der verwendeten Grafiken, Tondokumente, Videosequenzen und Texte zu beachten, von ihm selbst erstellte Grafiken, Tondokumente, Videosequenzen und Texte zu nutzen oder auf lizenzfreie Grafiken, Tondokumente, Videosequenzen und Texte zur\u00fcckzugreifen. Alle innerhalb des Internetangebotes genannten und ggf. durch Dritte gesch\u00fctzten Marken- und Warenzeichen unterliegen uneingeschr\u00e4nkt den Bestimmungen des jeweils g\u00fcltigen Kennzeichenrechts und den Besitzrechten der jeweiligen eingetragenen Eigent\u00fcmer. Allein aufgrund der blo\u00dfen Nennung ist nicht der Schluss zu ziehen, dass Markenzeichen nicht durch Rechte Dritter gesch\u00fctzt sind! Das Copyright f\u00fcr ver\u00f6ffentlichte, vom Autor selbst erstellte Objekte bleibt allein beim Autor der Seiten. Eine Vervielf\u00e4ltigung oder Verwendung solcher Grafiken, Tondokumente, Videosequenzen und Texte in anderen elektronischen oder gedruckten Publikationen ist ohne ausdr\u00fcckliche Zustimmung des Autors nicht gestattet.<\/p>\n<p>Die Plattform &#8222;Besser L\u00e4nger Leben&#8220; haftet nicht f\u00fcr die rechtskonforme Verwendbarkeit von Materialien, die vom Kunden bereitgestellt wurden (z.B. Text, Bilder, Fotos, Grafiken, Filme, Musik und Sound). Dies gilt insbesondere auch f\u00fcr den Fall, dass die genannten Materialien mit Urheberrechten Dritter behaftet sind oder der Erlaubnis von Dritten f\u00fcr deren Verwendung unterliegen (z.B. Erlaubnis der auf den Fotos abgebildeten Personen).<\/p>\n<p><strong>Datenschutz <\/strong><\/p>\n<p>Sofern innerhalb des Internetangebotes die M\u00f6glichkeit zur Eingabe pers\u00f6nlicher oder gesch\u00e4ftlicher Daten (Emailadressen, Namen, Anschriften) besteht, so erfolgt die Preisgabe dieser Daten seitens des Nutzers auf ausdr\u00fccklich freiwilliger Basis. Die Inanspruchnahme und Bezahlung aller angebotenen Dienste ist &#8211; soweit technisch m\u00f6glich und zumutbar &#8211; auch ohne Angabe solcher Daten bzw. unter Angabe anonymisierter Daten oder eines Pseudonyms gestattet. Die Nutzung der im Rahmen des Impressums oder vergleichbarer Angaben ver\u00f6ffentlichten Kontaktdaten wie Postanschriften, Telefon- und Faxnummern sowie Emailadressen durch Dritte zur \u00dcbersendung von nicht ausdr\u00fccklich angeforderten Informationen ist nicht gestattet. Rechtliche Schritte gegen die Versender von sogenannten Spam-Mails bei Verst\u00f6\u00dfen gegen dieses Verbot sind ausdr\u00fccklich vorbehalten. Diese Seite wird von Martin Mucha, IT- &amp; Web-Consultant, Trainer, Coach, Martin Mucha e.U. (Zentrale), Hartlgasse 37-38 technisch gewartet, gehostet und hinsichtlich Updates betreut. Er ist auch f\u00fcr die Umsetzung der diversen entsprechenden gesetzlichen Vorschriften hinsichtlich Datenschutzverordnung in Bezug auf verwendete Plugins verantwortlich.<\/p>\n<p><strong>Rechtswirksamkeit dieses Haftungsausschlusses <\/strong><\/p>\n<p>Dieser Haftungsausschluss ist als Teil des Internetangebotes zu betrachten, von dem aus auf diese Seite verwiesen wurde. Sofern Teile oder einzelne Formulierungen dieses Textes der geltenden Rechtslage nicht, nicht mehr oder nicht vollst\u00e4ndig entsprechen sollten, bleiben die \u00fcbrigen Teile des Dokumentes in ihrem Inhalt und ihrer G\u00fcltigkeit davon unber\u00fchrt.<\/p>\n","protected":false},"excerpt":{"rendered":"<p>Offenlegung gem\u00e4\u00df \u00a7 25 Mediengesetz T\u00e4tigkeitsbereich: Allgemeine Consulting-Dienstleistungen f\u00fcr Unternehmen und Organisationen Betrieb, Verkauf von Werbeinsertionen und Beratung als Vertreiber des Portals &#8222;besser l\u00e4nger leben&#8220; &#8211; das Magazin f\u00fcr Junggebliebenen, https:\/\/besserlaengerleben.at und\u00a0https:\/\/besserlaengerleben.de (Onlinefusion mit at.Magazin) Richtung des Portals: (Redaktionslinie) F\u00f6rderung einer gesunden, langer Lebensdauer durch entsprechende Beitr\u00e4ge und Aktionen, gem\u00e4\u00df dem Titel besser l\u00e4nger leben &hellip; <\/p>\n<p class=\"link-more\"><a href=\"https:\/\/grafconsult.at\/?page_id=8\" class=\"more-link\"><span class=\"screen-reader-text\">\u201eImpressum\u201c <\/span>weiterlesen<\/a><\/p>\n","protected":false},"author":2,"featured_media":0,"parent":0,"menu_order":0,"comment_status":"closed","ping_status":"closed","template":"","meta":{"footnotes":""},"class_list":["post-8","page","type-page","status-publish","hentry"],"_links":{"self":[{"href":"https:\/\/grafconsult.at\/index.php?rest_route=\/wp\/v2\/pages\/8","targetHints":{"allow":["GET"]}}],"collection":[{"href":"https:\/\/grafconsult.at\/index.php?rest_route=\/wp\/v2\/pages"}],"about":[{"href":"https:\/\/grafconsult.at\/index.php?rest_route=\/wp\/v2\/types\/page"}],"author":[{"embeddable":true,"href":"https:\/\/grafconsult.at\/index.php?rest_route=\/wp\/v2\/users\/2"}],"replies":[{"embeddable":true,"href":"https:\/\/grafconsult.at\/index.php?rest_route=%2Fwp%2Fv2%2Fcomments&post=8"}],"version-history":[{"count":5,"href":"https:\/\/grafconsult.at\/index.php?rest_route=\/wp\/v2\/pages\/8\/revisions"}],"predecessor-version":[{"id":97,"href":"https:\/\/grafconsult.at\/index.php?rest_route=\/wp\/v2\/pages\/8\/revisions\/97"}],"wp:attachment":[{"href":"https:\/\/grafconsult.at\/index.php?rest_route=%2Fwp%2Fv2%2Fmedia&parent=8"}],"curies":[{"name":"wp","href":"https:\/\/api.w.org\/{rel}","templated":true}]}}